{"id":24916,"date":"2024-11-08T05:34:20","date_gmt":"2024-11-08T05:34:20","guid":{"rendered":"https:\/\/mimarmodels.com\/servicios\/"},"modified":"2025-04-18T05:42:45","modified_gmt":"2025-04-18T05:42:45","slug":"servicios","status":"publish","type":"page","link":"https:\/\/mimarmodels.com\/es\/servicios\/","title":{"rendered":"Servicios"},"content":{"rendered":"\t\t<div data-elementor-type=\"wp-page\" data-elementor-id=\"24916\" class=\"elementor elementor-24916 elementor-625\" data-elementor-post-type=\"page\">\n\t\t\t\t<div class=\"elementor-element elementor-element-d3ea2e3 e-flex e-con-boxed e-con e-parent\" data-id=\"d3ea2e3\" data-element_type=\"container\" data-settings=\"{&quot;background_background&quot;:&quot;classic&quot;}\">\n\t\t\t\t\t<div class=\"e-con-inner\">\n\t\t\t\t\t<\/div>\n\t\t\t\t<\/div>\n\t\t<div class=\"elementor-element elementor-element-753862d container-pad e-flex e-con-boxed e-con e-parent\" data-id=\"753862d\" data-element_type=\"container\" data-settings=\"{&quot;background_background&quot;:&quot;classic&quot;}\">\n\t\t\t\t\t<div class=\"e-con-inner\">\n\t\t<div class=\"elementor-element elementor-element-3623323 e-con-full e-flex e-con e-child\" data-id=\"3623323\" data-element_type=\"container\">\n\t\t\t\t<div class=\"elementor-element elementor-element-bb4313f elementor-widget elementor-widget-image\" data-id=\"bb4313f\" data-element_type=\"widget\" data-widget_type=\"image.default\">\n\t\t\t\t<div class=\"elementor-widget-container\">\n\t\t\t\t\t\t\t\t\t\t\t\t\t\t\t<img decoding=\"async\" width=\"33\" height=\"1\" src=\"https:\/\/mimarmodels.com\/wp-content\/uploads\/2024\/11\/Line-15.svg\" class=\"attachment-full size-full wp-image-983\" alt=\"\" \/>\t\t\t\t\t\t\t\t\t\t\t\t\t\t\t<\/div>\n\t\t\t\t<\/div>\n\t\t\t\t<div class=\"elementor-element elementor-element-957a643 elementor-widget__width-initial elementor-widget elementor-widget-heading\" data-id=\"957a643\" data-element_type=\"widget\" data-widget_type=\"heading.default\">\n\t\t\t\t<div class=\"elementor-widget-container\">\n\t\t\t\t\t<span class=\"elementor-heading-title elementor-size-default\">SERVICIOS<\/span>\t\t\t\t<\/div>\n\t\t\t\t<\/div>\n\t\t\t\t<div class=\"elementor-element elementor-element-c30b33d elementor-widget__width-initial elementor-widget elementor-widget-heading\" data-id=\"c30b33d\" data-element_type=\"widget\" data-widget_type=\"heading.default\">\n\t\t\t\t<div class=\"elementor-widget-container\">\n\t\t\t\t\t<h2 class=\"elementor-heading-title elementor-size-default\">Ideas pioneras, crear el ma\u00f1ana.<\/h2>\t\t\t\t<\/div>\n\t\t\t\t<\/div>\n\t\t\t\t<\/div>\n\t\t\t\t\t<\/div>\n\t\t\t\t<\/div>\n\t\t<div class=\"elementor-element elementor-element-337ec09 container-pad e-flex e-con-boxed e-con e-parent\" data-id=\"337ec09\" data-element_type=\"container\" data-settings=\"{&quot;background_background&quot;:&quot;classic&quot;}\">\n\t\t\t\t\t<div class=\"e-con-inner\">\n\t\t\t\t<div class=\"elementor-element elementor-element-177dbde elementor-widget__width-inherit elementor-widget elementor-widget-text-editor\" data-id=\"177dbde\" data-element_type=\"widget\" data-widget_type=\"text-editor.default\">\n\t\t\t\t<div class=\"elementor-widget-container\">\n\t\t\t\t\t\t\t\t\t<p>Te aseguramos lo mejor de la tecnolog\u00eda y la creatividad. Nuestros modelos arquitect\u00f3nicos tienen caracter\u00edsticas impecables para ayudar a que tu visi\u00f3n se haga realidad. Es la m\u00e1xima atenci\u00f3n a los detalles m\u00e1s \u00ednfimos lo que te da la r\u00e9plica perfecta del proyecto que vas a construir. Nuestros servicios abarcan el modelado industrial, como marketing, industrial, interactivo, prototipos, etc. Tambi\u00e9n facilitamos servicios de traslado y mantenimiento de maquetas para asegurarnos de que lleguen intactas a tu destino, ya sea una exposici\u00f3n, un evento o las instalaciones de una oficina en cualquier parte del mundo.<\/p>\t\t\t\t\t\t\t\t<\/div>\n\t\t\t\t<\/div>\n\t\t<div class=\"elementor-element elementor-element-1626054 e-con-full e-flex e-con e-child\" data-id=\"1626054\" data-element_type=\"container\">\n\t\t<a class=\"elementor-element elementor-element-f5659b9 e-con-full e-flex e-con e-child\" data-id=\"f5659b9\" data-element_type=\"container\" href=\"#elementor-action%3Aaction%3Dpopup%3Aopen%26settings%3DeyJpZCI6Mjc1MzksInRvZ2dsZSI6ZmFsc2V9\">\n\t\t\t\t<div class=\"elementor-element elementor-element-6255a43 elementor-widget elementor-widget-image\" data-id=\"6255a43\" data-element_type=\"widget\" data-widget_type=\"image.default\">\n\t\t\t\t<div class=\"elementor-widget-container\">\n\t\t\t\t\t\t\t\t\t\t\t\t\t\t\t<img fetchpriority=\"high\" decoding=\"async\" width=\"323\" height=\"524\" src=\"https:\/\/mimarmodels.com\/wp-content\/uploads\/2024\/12\/ModelMaking.webp\" class=\"attachment-full size-full wp-image-12237\" alt=\"ModelMaking\" srcset=\"https:\/\/mimarmodels.com\/wp-content\/uploads\/2024\/12\/ModelMaking.webp 323w, https:\/\/mimarmodels.com\/wp-content\/uploads\/2024\/12\/ModelMaking-185x300.webp 185w\" sizes=\"(max-width: 323px) 100vw, 323px\" \/>\t\t\t\t\t\t\t\t\t\t\t\t\t\t\t<\/div>\n\t\t\t\t<\/div>\n\t\t\t\t<div class=\"elementor-element elementor-element-4ffc52f elementor-widget elementor-widget-heading\" data-id=\"4ffc52f\" data-element_type=\"widget\" data-widget_type=\"heading.default\">\n\t\t\t\t<div class=\"elementor-widget-container\">\n\t\t\t\t\t<h3 class=\"elementor-heading-title elementor-size-default\">Fabricaci\u00f3n de modelos<\/h3>\t\t\t\t<\/div>\n\t\t\t\t<\/div>\n\t\t\t\t<\/a>\n\t\t<a class=\"elementor-element elementor-element-b717c39 e-con-full e-flex e-con e-child\" data-id=\"b717c39\" data-element_type=\"container\" href=\"#elementor-action%3Aaction%3Dpopup%3Aopen%26settings%3DeyJpZCI6Mjc1MzEsInRvZ2dsZSI6ZmFsc2V9\">\n\t\t\t\t<div class=\"elementor-element elementor-element-3c28fc8 elementor-widget elementor-widget-image\" data-id=\"3c28fc8\" data-element_type=\"widget\" data-widget_type=\"image.default\">\n\t\t\t\t<div class=\"elementor-widget-container\">\n\t\t\t\t\t\t\t\t\t\t\t\t\t\t\t<img decoding=\"async\" width=\"323\" height=\"524\" src=\"https:\/\/mimarmodels.com\/wp-content\/uploads\/2025\/01\/Logistics.jpg\" class=\"attachment-full size-full wp-image-14103\" alt=\"\" srcset=\"https:\/\/mimarmodels.com\/wp-content\/uploads\/2025\/01\/Logistics.jpg 323w, https:\/\/mimarmodels.com\/wp-content\/uploads\/2025\/01\/Logistics-185x300.jpg 185w\" sizes=\"(max-width: 323px) 100vw, 323px\" \/>\t\t\t\t\t\t\t\t\t\t\t\t\t\t\t<\/div>\n\t\t\t\t<\/div>\n\t\t\t\t<div class=\"elementor-element elementor-element-3eb6d28 elementor-widget elementor-widget-heading\" data-id=\"3eb6d28\" data-element_type=\"widget\" data-widget_type=\"heading.default\">\n\t\t\t\t<div class=\"elementor-widget-container\">\n\t\t\t\t\t<h3 class=\"elementor-heading-title elementor-size-default\">Modelo Log\u00edstico<\/h3>\t\t\t\t<\/div>\n\t\t\t\t<\/div>\n\t\t\t\t<\/a>\n\t\t<a class=\"elementor-element elementor-element-007a800 e-con-full e-flex e-con e-child\" data-id=\"007a800\" data-element_type=\"container\" href=\"#elementor-action%3Aaction%3Dpopup%3Aopen%26settings%3DeyJpZCI6Mjc1MjUsInRvZ2dsZSI6ZmFsc2V9\">\n\t\t\t\t<div class=\"elementor-element elementor-element-01241fe elementor-widget elementor-widget-image\" data-id=\"01241fe\" data-element_type=\"widget\" data-widget_type=\"image.default\">\n\t\t\t\t<div class=\"elementor-widget-container\">\n\t\t\t\t\t\t\t\t\t\t\t\t\t\t\t<img loading=\"lazy\" decoding=\"async\" width=\"323\" height=\"524\" src=\"https:\/\/mimarmodels.com\/wp-content\/uploads\/2024\/12\/Maintenance.webp\" class=\"attachment-full size-full wp-image-12238\" alt=\"\" srcset=\"https:\/\/mimarmodels.com\/wp-content\/uploads\/2024\/12\/Maintenance.webp 323w, https:\/\/mimarmodels.com\/wp-content\/uploads\/2024\/12\/Maintenance-185x300.webp 185w\" sizes=\"(max-width: 323px) 100vw, 323px\" \/>\t\t\t\t\t\t\t\t\t\t\t\t\t\t\t<\/div>\n\t\t\t\t<\/div>\n\t\t\t\t<div class=\"elementor-element elementor-element-1af27ed elementor-widget elementor-widget-heading\" data-id=\"1af27ed\" data-element_type=\"widget\" data-widget_type=\"heading.default\">\n\t\t\t\t<div class=\"elementor-widget-container\">\n\t\t\t\t\t<h3 class=\"elementor-heading-title elementor-size-default\">Mantenimiento de modelos<\/h3>\t\t\t\t<\/div>\n\t\t\t\t<\/div>\n\t\t\t\t<\/a>\n\t\t<a class=\"elementor-element elementor-element-d3640e0 e-con-full e-flex e-con e-child\" data-id=\"d3640e0\" data-element_type=\"container\" href=\"#elementor-action%3Aaction%3Dpopup%3Aopen%26settings%3DeyJpZCI6Mjc1MTksInRvZ2dsZSI6ZmFsc2V9\">\n\t\t\t\t<div class=\"elementor-element elementor-element-e8448fa elementor-widget elementor-widget-image\" data-id=\"e8448fa\" data-element_type=\"widget\" data-widget_type=\"image.default\">\n\t\t\t\t<div class=\"elementor-widget-container\">\n\t\t\t\t\t\t\t\t\t\t\t\t\t\t\t<img loading=\"lazy\" decoding=\"async\" width=\"323\" height=\"524\" src=\"https:\/\/mimarmodels.com\/wp-content\/uploads\/2025\/01\/Animation.jpg\" class=\"attachment-full size-full wp-image-13895\" alt=\"\" srcset=\"https:\/\/mimarmodels.com\/wp-content\/uploads\/2025\/01\/Animation.jpg 323w, https:\/\/mimarmodels.com\/wp-content\/uploads\/2025\/01\/Animation-185x300.jpg 185w\" sizes=\"(max-width: 323px) 100vw, 323px\" \/>\t\t\t\t\t\t\t\t\t\t\t\t\t\t\t<\/div>\n\t\t\t\t<\/div>\n\t\t\t\t<div class=\"elementor-element elementor-element-f1147bf elementor-widget elementor-widget-heading\" data-id=\"f1147bf\" data-element_type=\"widget\" data-widget_type=\"heading.default\">\n\t\t\t\t<div class=\"elementor-widget-container\">\n\t\t\t\t\t<h3 class=\"elementor-heading-title elementor-size-default\">CGI y Animaci\u00f3n<\/h3>\t\t\t\t<\/div>\n\t\t\t\t<\/div>\n\t\t\t\t<\/a>\n\t\t<a class=\"elementor-element elementor-element-c74416c e-con-full e-flex e-con e-child\" data-id=\"c74416c\" data-element_type=\"container\" href=\"#elementor-action%3Aaction%3Dpopup%3Aopen%26settings%3DeyJpZCI6Mjc1MTMsInRvZ2dsZSI6ZmFsc2V9\">\n\t\t\t\t<div class=\"elementor-element elementor-element-fe765e4 elementor-widget elementor-widget-image\" data-id=\"fe765e4\" data-element_type=\"widget\" data-widget_type=\"image.default\">\n\t\t\t\t<div class=\"elementor-widget-container\">\n\t\t\t\t\t\t\t\t\t\t\t\t\t\t\t<img loading=\"lazy\" decoding=\"async\" width=\"323\" height=\"524\" src=\"https:\/\/mimarmodels.com\/wp-content\/uploads\/2024\/12\/Application.webp\" class=\"attachment-full size-full wp-image-12240\" alt=\"\" srcset=\"https:\/\/mimarmodels.com\/wp-content\/uploads\/2024\/12\/Application.webp 323w, https:\/\/mimarmodels.com\/wp-content\/uploads\/2024\/12\/Application-185x300.webp 185w\" sizes=\"(max-width: 323px) 100vw, 323px\" \/>\t\t\t\t\t\t\t\t\t\t\t\t\t\t\t<\/div>\n\t\t\t\t<\/div>\n\t\t\t\t<div class=\"elementor-element elementor-element-e6dc2e2 services-sec-heading elementor-widget elementor-widget-heading\" data-id=\"e6dc2e2\" data-element_type=\"widget\" data-widget_type=\"heading.default\">\n\t\t\t\t<div class=\"elementor-widget-container\">\n\t\t\t\t\t<h3 class=\"elementor-heading-title elementor-size-default\">Desarrollo de aplicaciones<\/h3>\t\t\t\t<\/div>\n\t\t\t\t<\/div>\n\t\t\t\t<\/a>\n\t\t\t\t<\/div>\n\t\t\t\t\t<\/div>\n\t\t\t\t<\/div>\n\t\t\t\t<\/div>\n\t\t","protected":false},"excerpt":{"rendered":"<p>SERVICIOS Ideas pioneras, crear el ma\u00f1ana. Te aseguramos lo mejor de la tecnolog\u00eda y la creatividad. Nuestros modelos arquitect\u00f3nicos tienen caracter\u00edsticas impecables para ayudar a que tu visi\u00f3n se haga realidad. Es la m\u00e1xima atenci\u00f3n a los detalles m\u00e1s \u00ednfimos lo que te da la r\u00e9plica perfecta del proyecto que vas a construir. Nuestros servicios [&hellip;]<\/p>\n","protected":false},"author":1,"featured_media":0,"parent":0,"menu_order":0,"comment_status":"closed","ping_status":"closed","template":"","meta":{"_acf_changed":false,"footnotes":""},"class_list":["post-24916","page","type-page","status-publish","hentry"],"acf":[],"yoast_head":"<!-- This site is optimized with the Yoast SEO plugin v24.7 - https:\/\/yoast.com\/wordpress\/plugins\/seo\/ -->\n<title>Servicios - Mimar Models<\/title>\n<meta name=\"robots\" content=\"index, follow, max-snippet:-1, max-image-preview:large, max-video-preview:-1\" \/>\n<link rel=\"canonical\" href=\"https:\/\/mimarmodels.com\/es\/servicios\/\" \/>\n<meta property=\"og:locale\" content=\"es_ES\" \/>\n<meta property=\"og:type\" content=\"article\" \/>\n<meta property=\"og:title\" content=\"Servicios - Mimar Models\" \/>\n<meta property=\"og:description\" content=\"SERVICIOS Ideas pioneras, crear el ma\u00f1ana. Te aseguramos lo mejor de la tecnolog\u00eda y la creatividad. Nuestros modelos arquitect\u00f3nicos tienen caracter\u00edsticas impecables para ayudar a que tu visi\u00f3n se haga realidad. Es la m\u00e1xima atenci\u00f3n a los detalles m\u00e1s \u00ednfimos lo que te da la r\u00e9plica perfecta del proyecto que vas a construir. Nuestros servicios [&hellip;]\" \/>\n<meta property=\"og:url\" content=\"https:\/\/mimarmodels.com\/es\/servicios\/\" \/>\n<meta property=\"og:site_name\" content=\"Mimar Models\" \/>\n<meta property=\"article:modified_time\" content=\"2025-04-18T05:42:45+00:00\" \/>\n<meta name=\"twitter:card\" content=\"summary_large_image\" \/>\n<meta name=\"twitter:label1\" content=\"Tiempo de lectura\" \/>\n\t<meta name=\"twitter:data1\" content=\"1 minuto\" \/>\n<script type=\"application\/ld+json\" class=\"yoast-schema-graph\">{\"@context\":\"https:\/\/schema.org\",\"@graph\":[{\"@type\":\"WebPage\",\"@id\":\"https:\/\/mimarmodels.com\/es\/servicios\/\",\"url\":\"https:\/\/mimarmodels.com\/es\/servicios\/\",\"name\":\"Servicios - Mimar Models\",\"isPartOf\":{\"@id\":\"https:\/\/mimarmodels.com\/es\/#website\"},\"primaryImageOfPage\":{\"@id\":\"https:\/\/mimarmodels.com\/es\/servicios\/#primaryimage\"},\"image\":{\"@id\":\"https:\/\/mimarmodels.com\/es\/servicios\/#primaryimage\"},\"thumbnailUrl\":\"https:\/\/mimarmodels.com\/wp-content\/uploads\/2024\/11\/Line-15.svg\",\"datePublished\":\"2024-11-08T05:34:20+00:00\",\"dateModified\":\"2025-04-18T05:42:45+00:00\",\"breadcrumb\":{\"@id\":\"https:\/\/mimarmodels.com\/es\/servicios\/#breadcrumb\"},\"inLanguage\":\"es\",\"potentialAction\":[{\"@type\":\"ReadAction\",\"target\":[\"https:\/\/mimarmodels.com\/es\/servicios\/\"]}]},{\"@type\":\"ImageObject\",\"inLanguage\":\"es\",\"@id\":\"https:\/\/mimarmodels.com\/es\/servicios\/#primaryimage\",\"url\":\"https:\/\/mimarmodels.com\/wp-content\/uploads\/2024\/11\/Line-15.svg\",\"contentUrl\":\"https:\/\/mimarmodels.com\/wp-content\/uploads\/2024\/11\/Line-15.svg\"},{\"@type\":\"BreadcrumbList\",\"@id\":\"https:\/\/mimarmodels.com\/es\/servicios\/#breadcrumb\",\"itemListElement\":[{\"@type\":\"ListItem\",\"position\":1,\"name\":\"Home\",\"item\":\"https:\/\/mimarmodels.com\/es\/inicio\/\"},{\"@type\":\"ListItem\",\"position\":2,\"name\":\"Servicios\"}]},{\"@type\":\"WebSite\",\"@id\":\"https:\/\/mimarmodels.com\/es\/#website\",\"url\":\"https:\/\/mimarmodels.com\/es\/\",\"name\":\"Mimar Models\",\"description\":\"\",\"publisher\":{\"@id\":\"https:\/\/mimarmodels.com\/es\/#organization\"},\"potentialAction\":[{\"@type\":\"SearchAction\",\"target\":{\"@type\":\"EntryPoint\",\"urlTemplate\":\"https:\/\/mimarmodels.com\/es\/?s={search_term_string}\"},\"query-input\":{\"@type\":\"PropertyValueSpecification\",\"valueRequired\":true,\"valueName\":\"search_term_string\"}}],\"inLanguage\":\"es\"},{\"@type\":\"Organization\",\"@id\":\"https:\/\/mimarmodels.com\/es\/#organization\",\"name\":\"Mimar Models\",\"url\":\"https:\/\/mimarmodels.com\/es\/\",\"logo\":{\"@type\":\"ImageObject\",\"inLanguage\":\"es\",\"@id\":\"https:\/\/mimarmodels.com\/es\/#\/schema\/logo\/image\/\",\"url\":\"https:\/\/mimarmodels.com\/wp-content\/uploads\/2024\/11\/logo-mimar.svg\",\"contentUrl\":\"https:\/\/mimarmodels.com\/wp-content\/uploads\/2024\/11\/logo-mimar.svg\",\"width\":250,\"height\":76,\"caption\":\"Mimar Models\"},\"image\":{\"@id\":\"https:\/\/mimarmodels.com\/es\/#\/schema\/logo\/image\/\"}}]}<\/script>\n<!-- \/ Yoast SEO plugin. -->","yoast_head_json":{"title":"Servicios - Mimar Models","robots":{"index":"index","follow":"follow","max-snippet":"max-snippet:-1","max-image-preview":"max-image-preview:large","max-video-preview":"max-video-preview:-1"},"canonical":"https:\/\/mimarmodels.com\/es\/servicios\/","og_locale":"es_ES","og_type":"article","og_title":"Servicios - Mimar Models","og_description":"SERVICIOS Ideas pioneras, crear el ma\u00f1ana. Te aseguramos lo mejor de la tecnolog\u00eda y la creatividad. Nuestros modelos arquitect\u00f3nicos tienen caracter\u00edsticas impecables para ayudar a que tu visi\u00f3n se haga realidad. Es la m\u00e1xima atenci\u00f3n a los detalles m\u00e1s \u00ednfimos lo que te da la r\u00e9plica perfecta del proyecto que vas a construir. Nuestros servicios [&hellip;]","og_url":"https:\/\/mimarmodels.com\/es\/servicios\/","og_site_name":"Mimar Models","article_modified_time":"2025-04-18T05:42:45+00:00","twitter_card":"summary_large_image","twitter_misc":{"Tiempo de lectura":"1 minuto"},"schema":{"@context":"https:\/\/schema.org","@graph":[{"@type":"WebPage","@id":"https:\/\/mimarmodels.com\/es\/servicios\/","url":"https:\/\/mimarmodels.com\/es\/servicios\/","name":"Servicios - Mimar Models","isPartOf":{"@id":"https:\/\/mimarmodels.com\/es\/#website"},"primaryImageOfPage":{"@id":"https:\/\/mimarmodels.com\/es\/servicios\/#primaryimage"},"image":{"@id":"https:\/\/mimarmodels.com\/es\/servicios\/#primaryimage"},"thumbnailUrl":"https:\/\/mimarmodels.com\/wp-content\/uploads\/2024\/11\/Line-15.svg","datePublished":"2024-11-08T05:34:20+00:00","dateModified":"2025-04-18T05:42:45+00:00","breadcrumb":{"@id":"https:\/\/mimarmodels.com\/es\/servicios\/#breadcrumb"},"inLanguage":"es","potentialAction":[{"@type":"ReadAction","target":["https:\/\/mimarmodels.com\/es\/servicios\/"]}]},{"@type":"ImageObject","inLanguage":"es","@id":"https:\/\/mimarmodels.com\/es\/servicios\/#primaryimage","url":"https:\/\/mimarmodels.com\/wp-content\/uploads\/2024\/11\/Line-15.svg","contentUrl":"https:\/\/mimarmodels.com\/wp-content\/uploads\/2024\/11\/Line-15.svg"},{"@type":"BreadcrumbList","@id":"https:\/\/mimarmodels.com\/es\/servicios\/#breadcrumb","itemListElement":[{"@type":"ListItem","position":1,"name":"Home","item":"https:\/\/mimarmodels.com\/es\/inicio\/"},{"@type":"ListItem","position":2,"name":"Servicios"}]},{"@type":"WebSite","@id":"https:\/\/mimarmodels.com\/es\/#website","url":"https:\/\/mimarmodels.com\/es\/","name":"Mimar Models","description":"","publisher":{"@id":"https:\/\/mimarmodels.com\/es\/#organization"},"potentialAction":[{"@type":"SearchAction","target":{"@type":"EntryPoint","urlTemplate":"https:\/\/mimarmodels.com\/es\/?s={search_term_string}"},"query-input":{"@type":"PropertyValueSpecification","valueRequired":true,"valueName":"search_term_string"}}],"inLanguage":"es"},{"@type":"Organization","@id":"https:\/\/mimarmodels.com\/es\/#organization","name":"Mimar Models","url":"https:\/\/mimarmodels.com\/es\/","logo":{"@type":"ImageObject","inLanguage":"es","@id":"https:\/\/mimarmodels.com\/es\/#\/schema\/logo\/image\/","url":"https:\/\/mimarmodels.com\/wp-content\/uploads\/2024\/11\/logo-mimar.svg","contentUrl":"https:\/\/mimarmodels.com\/wp-content\/uploads\/2024\/11\/logo-mimar.svg","width":250,"height":76,"caption":"Mimar Models"},"image":{"@id":"https:\/\/mimarmodels.com\/es\/#\/schema\/logo\/image\/"}}]}},"_links":{"self":[{"href":"https:\/\/mimarmodels.com\/es\/wp-json\/wp\/v2\/pages\/24916","targetHints":{"allow":["GET"]}}],"collection":[{"href":"https:\/\/mimarmodels.com\/es\/wp-json\/wp\/v2\/pages"}],"about":[{"href":"https:\/\/mimarmodels.com\/es\/wp-json\/wp\/v2\/types\/page"}],"author":[{"embeddable":true,"href":"https:\/\/mimarmodels.com\/es\/wp-json\/wp\/v2\/users\/1"}],"replies":[{"embeddable":true,"href":"https:\/\/mimarmodels.com\/es\/wp-json\/wp\/v2\/comments?post=24916"}],"version-history":[{"count":2,"href":"https:\/\/mimarmodels.com\/es\/wp-json\/wp\/v2\/pages\/24916\/revisions"}],"predecessor-version":[{"id":24918,"href":"https:\/\/mimarmodels.com\/es\/wp-json\/wp\/v2\/pages\/24916\/revisions\/24918"}],"wp:attachment":[{"href":"https:\/\/mimarmodels.com\/es\/wp-json\/wp\/v2\/media?parent=24916"}],"curies":[{"name":"wp","href":"https:\/\/api.w.org\/{rel}","templated":true}]}}